{"id":53,"date":"2018-04-10T06:00:50","date_gmt":"2018-04-10T08:00:50","guid":{"rendered":"http:\/\/abi-1968.de\/?page_id=53"},"modified":"2018-04-10T07:48:10","modified_gmt":"2018-04-10T09:48:10","slug":"vierzig-jahre-danach","status":"publish","type":"page","link":"https:\/\/abi-1968.de\/index.php\/vierzig-jahre-danach\/","title":{"rendered":"Vierzig Jahre danach&#8230;"},"content":{"rendered":"<p>..haben sich die Abiturienten des Jahres 1968 der Gutenbergschule Wiesbaden am 4.10.2008 zum ersten Mal wieder getroffen.<!--more--><\/p>\n<p>Als nach und nach am sp\u00e4ten Samstag Nachmittag vor dem Hautpeingang der Gutenbergschule immer mehr \u00e4ltere Herren und eine jung gebliebene Dame eintrafen, nahm das (f\u00fcr viele das erste) Wiedersehen nach vierzig Jahren seinen Lauf.<\/p>\n<p>Der w\u00fcrdige Nachfolger des alten Hausmeisters zeigte uns nicht nur das Innere der Anstalt, sondern sorgte zun\u00e4chst auch f\u00fcr das obligate Klassenfoto, sicherheitshalber gleich mit vier verschiedenen Digicams. Ich hoffe, die Eigent\u00fcmer der Digicams schicken, wie versprochen, ihre Ergebnisse, damit wir diese Seite m\u00f6glichst rasch bebildern k\u00f6nnen.<\/p>\n<p>Axel Schneider, der stilecht mit einem alten VW-K\u00e4fer\u00a0 mit dem Schriftzug &#8220;Abi 1968&#8221; vorfuhr, hatte im alten Musiksaal als \u00dcberraschung zwei alte Tondokumente parat, mit den Ermahnungen was es alles zur schriftlichen und m\u00fcndlichen Abiturpr\u00fcfung zu beachten gelte und dem dringenden Appell unseres Sport- und Franz\u00f6sischlehrers, Herrn Beyer, doch stets Sport zu treiben.<\/p>\n<p>Auf dem Weg durch das Schulhaus zu den Klassenr\u00e4umen im Dachgeschoss, wurden bei vielen die Erinnerungen an etwas mehr als acht Jahre (durch zwei Kurzschuljahre waren wir die ersten Versuchskaninchen f\u00fcr das G8) in dieser Anstalt wieder lebendig.<\/p>\n<p>Anschlie\u00dfend ging es zum Abendessen in den Ratskeller. H\u00f6hepunkt des\u00a0 gem\u00fctlichen Beisammenseins im Ratskeller waren sicher die vielen Erinnerungsphotos und der &#8220;Klassenfilm der 13d&#8221;, die ein Jahr vor uns Abi gemacht hatten, aber fast die gleichen Lehrer hatten wie wir.<\/p>\n<p>Viele werden sich nach diesem gelungenen Klassentreffen k\u00fcnftig vielleicht wieder \u00f6fter sehen und sinnvollerweise sollten wir nicht weitere vierzig Jahre mit dem n\u00e4chsten Klassentreffen warten, sondern uns in f\u00fcnf oder zehn Jahren wieder sehen.<\/p>\n","protected":false},"excerpt":{"rendered":"<p>..haben sich die Abiturienten des Jahres 1968 der Gutenbergschule Wiesbaden am 4.10.2008 zum ersten Mal wieder getroffen.<\/p>\n","protected":false},"author":1,"featured_media":253,"parent":0,"menu_order":0,"comment_status":"closed","ping_status":"closed","template":"","meta":{"_crdt_document":"","footnotes":""},"class_list":["post-53","page","type-page","status-publish","has-post-thumbnail","hentry"],"_links":{"self":[{"href":"https:\/\/abi-1968.de\/index.php\/wp-json\/wp\/v2\/pages\/53","targetHints":{"allow":["GET"]}}],"collection":[{"href":"https:\/\/abi-1968.de\/index.php\/wp-json\/wp\/v2\/pages"}],"about":[{"href":"https:\/\/abi-1968.de\/index.php\/wp-json\/wp\/v2\/types\/page"}],"author":[{"embeddable":true,"href":"https:\/\/abi-1968.de\/index.php\/wp-json\/wp\/v2\/users\/1"}],"replies":[{"embeddable":true,"href":"https:\/\/abi-1968.de\/index.php\/wp-json\/wp\/v2\/comments?post=53"}],"version-history":[{"count":4,"href":"https:\/\/abi-1968.de\/index.php\/wp-json\/wp\/v2\/pages\/53\/revisions"}],"predecessor-version":[{"id":249,"href":"https:\/\/abi-1968.de\/index.php\/wp-json\/wp\/v2\/pages\/53\/revisions\/249"}],"wp:featuredmedia":[{"embeddable":true,"href":"https:\/\/abi-1968.de\/index.php\/wp-json\/wp\/v2\/media\/253"}],"wp:attachment":[{"href":"https:\/\/abi-1968.de\/index.php\/wp-json\/wp\/v2\/media?parent=53"}],"curies":[{"name":"wp","href":"https:\/\/api.w.org\/{rel}","templated":true}]}}