{"id":259,"date":"2018-04-10T08:16:34","date_gmt":"2018-04-10T10:16:34","guid":{"rendered":"http:\/\/abi-1968.de\/?page_id=259"},"modified":"2018-04-14T00:28:46","modified_gmt":"2018-04-13T22:28:46","slug":"frueher","status":"publish","type":"page","link":"https:\/\/abi-1968.de\/index.php\/frueher\/","title":{"rendered":"Fr\u00fcher"},"content":{"rendered":"<p>Bilder, Filme und Texte von damals.<\/p>\n<p><a href=\"https:\/\/abi-1968.de\/index.php\/frueher\/abitursrundfahrt-21-6-1967-von-guenter-weiland\/\">Abitursrundfahrt 21.6.1967.Film \u00a0von G\u00fcnter Weiland<\/a><\/p>\n<p><a href=\"https:\/\/abi-1968.de\/index.php\/bildersammlung\/\">Bilder von Sch\u00fclern und Lehrern<\/a><\/p>\n<p><a href=\"https:\/\/abi-1968.de\/index.php\/frueher\/schullandheim-sonnenklause-in-altstaedten\/\">Schullandheim Sonnenklause in Altst\u00e4dten<\/a><\/p>\n<p><a href=\"https:\/\/abi-1968.de\/index.php\/schule-gestern-heute-und-morgen\/\">Abiturrede 1968<\/a><\/p>\n<p><a href=\"https:\/\/abi-1968.de\/index.php\/gutenbergschule-jahrbuch-1966-68\/\">Jahrbuch 1966-68 Gutenbergschule<\/a><\/p>\n","protected":false},"excerpt":{"rendered":"<p>Bilder, Filme und Texte von damals. Abitursrundfahrt 21.6.1967.Film \u00a0von G\u00fcnter Weiland Bilder von Sch\u00fclern und Lehrern Schullandheim Sonnenklause in Altst\u00e4dten Abiturrede 1968 Jahrbuch 1966-68 Gutenbergschule<\/p>\n","protected":false},"author":1,"featured_media":0,"parent":0,"menu_order":0,"comment_status":"closed","ping_status":"closed","template":"","meta":{"_crdt_document":"","footnotes":""},"class_list":["post-259","page","type-page","status-publish","hentry"],"_links":{"self":[{"href":"https:\/\/abi-1968.de\/index.php\/wp-json\/wp\/v2\/pages\/259","targetHints":{"allow":["GET"]}}],"collection":[{"href":"https:\/\/abi-1968.de\/index.php\/wp-json\/wp\/v2\/pages"}],"about":[{"href":"https:\/\/abi-1968.de\/index.php\/wp-json\/wp\/v2\/types\/page"}],"author":[{"embeddable":true,"href":"https:\/\/abi-1968.de\/index.php\/wp-json\/wp\/v2\/users\/1"}],"replies":[{"embeddable":true,"href":"https:\/\/abi-1968.de\/index.php\/wp-json\/wp\/v2\/comments?post=259"}],"version-history":[{"count":5,"href":"https:\/\/abi-1968.de\/index.php\/wp-json\/wp\/v2\/pages\/259\/revisions"}],"predecessor-version":[{"id":352,"href":"https:\/\/abi-1968.de\/index.php\/wp-json\/wp\/v2\/pages\/259\/revisions\/352"}],"wp:attachment":[{"href":"https:\/\/abi-1968.de\/index.php\/wp-json\/wp\/v2\/media?parent=259"}],"curies":[{"name":"wp","href":"https:\/\/api.w.org\/{rel}","templated":true}]}}