{"id":1078,"date":"2020-02-18T21:00:31","date_gmt":"2020-02-18T20:00:31","guid":{"rendered":"https:\/\/abi-1968.de\/?page_id=1078"},"modified":"2020-02-18T21:00:31","modified_gmt":"2020-02-18T20:00:31","slug":"wiesbadener-impressionen-1965-1967","status":"publish","type":"page","link":"https:\/\/abi-1968.de\/index.php\/frueher\/wiesbadener-impressionen-1965-1967\/","title":{"rendered":"Wiesbadener Impressionen 1965\/1967"},"content":{"rendered":"\n<p class=\"wp-block-paragraph\">G\u00fcnter Weiland, von dem auch der <a rel=\"noreferrer noopener\" aria-label=\"Abifilm (\u00f6ffnet in neuem Tab)\" href=\"https:\/\/abi-1968.de\/index.php\/frueher\/abitursrundfahrt-21-6-1967-von-guenter-weiland\/\" target=\"_blank\">Abifilm<\/a> stammt, hat schon 2010 auf youtube seinen Super 8 Film &#8220;Wiesbadener Imperssionen&#8221; ver\u00f6ffentlich. \u00dcber 50 Jahre nach Entstehung dieses Films werden beim Wiedersehen sicher bei vielen von uns sch\u00f6ne Erinnerungen wach.<\/p>\n\n\n\n<p class=\"wp-block-paragraph\">Der Film dauert ca. 13 Minuten und ist auf youtube auf zwei Teile aufgeteilt. Teil 1: <\/p>\n\n\n\n<figure class=\"wp-block-embed-youtube wp-block-embed is-type-video is-provider-youtube wp-embed-aspect-4-3 wp-has-aspect-ratio\"><div class=\"wp-block-embed__wrapper\">\n<iframe loading=\"lazy\" title=\"Wiesbadener Impressionen (Teil 1)\" width=\"525\" height=\"394\" src=\"https:\/\/www.youtube.com\/embed\/4Lk5D908p9M?feature=oembed\" frameborder=\"0\" allow=\"accelerometer; autoplay; clipboard-write; encrypted-media; gyroscope; picture-in-picture; web-share\" referrerpolicy=\"strict-origin-when-cross-origin\" allowfullscreen><\/iframe>\n<\/div><\/figure>\n\n\n\n<p class=\"wp-block-paragraph\">..und hier folgt Teil 2:<\/p>\n\n\n\n<figure class=\"wp-block-embed-youtube wp-block-embed is-type-video is-provider-youtube wp-embed-aspect-4-3 wp-has-aspect-ratio\"><div class=\"wp-block-embed__wrapper\">\n<iframe loading=\"lazy\" title=\"Wiesbadener Impressionen (Teil 2)\" width=\"525\" height=\"394\" src=\"https:\/\/www.youtube.com\/embed\/LnkBgaKtYl0?feature=oembed\" frameborder=\"0\" allow=\"accelerometer; autoplay; clipboard-write; encrypted-media; gyroscope; picture-in-picture; web-share\" referrerpolicy=\"strict-origin-when-cross-origin\" allowfullscreen><\/iframe>\n<\/div><\/figure>\n","protected":false},"excerpt":{"rendered":"<p>G\u00fcnter Weiland, von dem auch der Abifilm stammt, hat schon 2010 auf youtube seinen Super 8 Film &#8220;Wiesbadener Imperssionen&#8221; ver\u00f6ffentlich. \u00dcber 50 Jahre nach Entstehung dieses Films werden beim Wiedersehen sicher bei vielen von uns sch\u00f6ne Erinnerungen wach. Der Film dauert ca. 13 Minuten und ist auf youtube auf zwei Teile aufgeteilt. Teil 1: ..und &hellip; <\/p>\n<p class=\"link-more\"><a href=\"https:\/\/abi-1968.de\/index.php\/frueher\/wiesbadener-impressionen-1965-1967\/\" class=\"more-link\"><span class=\"screen-reader-text\">\u201eWiesbadener Impressionen 1965\/1967\u201c <\/span>weiterlesen<\/a><\/p>\n","protected":false},"author":1,"featured_media":0,"parent":259,"menu_order":4,"comment_status":"closed","ping_status":"closed","template":"","meta":{"_crdt_document":"","footnotes":""},"class_list":["post-1078","page","type-page","status-publish","hentry"],"_links":{"self":[{"href":"https:\/\/abi-1968.de\/index.php\/wp-json\/wp\/v2\/pages\/1078","targetHints":{"allow":["GET"]}}],"collection":[{"href":"https:\/\/abi-1968.de\/index.php\/wp-json\/wp\/v2\/pages"}],"about":[{"href":"https:\/\/abi-1968.de\/index.php\/wp-json\/wp\/v2\/types\/page"}],"author":[{"embeddable":true,"href":"https:\/\/abi-1968.de\/index.php\/wp-json\/wp\/v2\/users\/1"}],"replies":[{"embeddable":true,"href":"https:\/\/abi-1968.de\/index.php\/wp-json\/wp\/v2\/comments?post=1078"}],"version-history":[{"count":1,"href":"https:\/\/abi-1968.de\/index.php\/wp-json\/wp\/v2\/pages\/1078\/revisions"}],"predecessor-version":[{"id":1079,"href":"https:\/\/abi-1968.de\/index.php\/wp-json\/wp\/v2\/pages\/1078\/revisions\/1079"}],"up":[{"embeddable":true,"href":"https:\/\/abi-1968.de\/index.php\/wp-json\/wp\/v2\/pages\/259"}],"wp:attachment":[{"href":"https:\/\/abi-1968.de\/index.php\/wp-json\/wp\/v2\/media?parent=1078"}],"curies":[{"name":"wp","href":"https:\/\/api.w.org\/{rel}","templated":true}]}}